{"id":476,"date":"2017-01-14T12:24:19","date_gmt":"2017-01-14T12:24:19","guid":{"rendered":"http:\/\/wp1.themexlab.com\/newwp\/woodworks\/?page_id=10"},"modified":"2025-08-27T16:26:20","modified_gmt":"2025-08-27T16:26:20","slug":"home","status":"publish","type":"page","link":"https:\/\/atelierdeprez.be\/","title":{"rendered":"Home"},"content":{"rendered":"<p><section class=\"kc-elm kc-css-891738 kc_row\"><div class=\"kc-row-container  kc-container\"><div class=\"kc-wrap-columns\"><div class=\"kc-elm kc-css-581393 kc_col-sm-12 kc_column kc_col-sm-12\"><div class=\"kc-col-container\">\n    <!--Main Slider-->\n    <section class=\"rev_slider_wrapper\">\n    \n    \n\t\t\t<!-- START Home REVOLUTION SLIDER 6.6.8 --><p class=\"rs-p-wp-fix\"><\/p>\n\t\t\t<rs-module-wrap id=\"rev_slider_1_1_wrapper\" data-source=\"gallery\" style=\"visibility:hidden;background:transparent;padding:0;margin:0px auto;margin-top:0;margin-bottom:0;\">\n\t\t\t\t<rs-module id=\"rev_slider_1_1\" style=\"\" data-version=\"6.6.8\">\n\t\t\t\t\t<rs-slides style=\"overflow: hidden; position: absolute;\">\n\t\t\t\t\t\t<rs-slide style=\"position: absolute;\" data-key=\"rs-1\" data-title=\"Slide\" data-thumb=\"\/\/wp1.themexlab.com\/newwp\/woodworks\/wp-content\/uploads\/2017\/01\/1.jpg\" data-anim=\"adpr:false;\" data-in=\"o:0;\" data-out=\"a:false;\">\n\t\t\t\t\t\t\t<img decoding=\"async\" src=\"\/\/atelierdeprez.be\/wp-content\/plugins\/revslider\/public\/assets\/assets\/dummy.png\" alt=\"\" title=\"Home\" class=\"rev-slidebg tp-rs-img rs-lazyload\" data-lazyload=\"\/\/wp1.themexlab.com\/newwp\/woodworks\/wp-content\/uploads\/2017\/01\/1.jpg\" data-no-retina>\n<!--\n\t\t\t\t\t\t\t--><rs-layer\n\t\t\t\t\t\t\t\tid=\"slider-1-slide-1-layer-1\" \n\t\t\t\t\t\t\t\tdata-type=\"text\"\n\t\t\t\t\t\t\t\tdata-color=\"rgba(255,255,255,1)\"\n\t\t\t\t\t\t\t\tdata-rsp_ch=\"on\"\n\t\t\t\t\t\t\t\tdata-xy=\"xo:4px,4px,4px,2px;y:m;yo:1px,1px,1px,8px;\"\n\t\t\t\t\t\t\t\tdata-text=\"w:normal;s:20,20,20,8;l:22,22,22,9;a:inherit,inherit,inherit,left;\"\n\t\t\t\t\t\t\t\tdata-dim=\"w:644px,644px,644px,433px;\"\n\t\t\t\t\t\t\t\tdata-frame_0=\"x:-50px,-50px,-50px,-21px;\"\n\t\t\t\t\t\t\t\tdata-frame_1=\"x:0,0,0,0px;y:0,0,0,0px;\"\n\t\t\t\t\t\t\t\tdata-frame_999=\"x:-50px,-50px,-50px,-21px;o:0;st:8999.99969482;sR:8699.99969482;\"\n\t\t\t\t\t\t\t\tstyle=\"z-index:5;font-family:'Open Sans';\"\n\t\t\t\t\t\t\t><div class=\"content-box\">\n    <h2 class=\"theme_color\"><i class=\"flaticon-internet-1\"><\/i>Atelier Deprez<\/h2>\n    <div class=\"text\"><p>Sinds de oprichting in 2002 staat ons atelier synoniem voor een mix van kwaliteitsschrijnwerk, veelzijdigheid \u00e9n flexibiliteit. Wij doen er dan ook alles aan om uw idee\u00ebn om te zetten in een perfect afgewerkt product, zoals u het voor ogen hebt!  Dit alles met het nodige professionalisme en enthousiasme voor de stiel.<\/p><\/div>\n    <div class=\"list-info clearfix\">\n        <ul>\n            <li>Keukens<\/li>\n            <li>Badkamers<\/li>\n        <\/ul>\n        <ul>\n            <li>Inbouwkasten<\/li>\n            <li>Slaapkamerkasten<\/li>\n        <\/ul>\t\n    <\/div>\n  \n<\/div> \n\t\t\t\t\t\t\t<\/rs-layer><!--\n-->\t\t\t\t\t\t<\/rs-slide>\n\t\t\t\t\t\t<rs-slide style=\"position: absolute;\" data-key=\"rs-2\" data-title=\"Slide\" data-thumb=\"\/\/wp1.themexlab.com\/newwp\/woodworks\/wp-content\/uploads\/2017\/01\/2.jpg\" data-anim=\"adpr:false;\" data-in=\"o:0;\" data-out=\"a:false;\">\n\t\t\t\t\t\t\t<img decoding=\"async\" src=\"\/\/atelierdeprez.be\/wp-content\/plugins\/revslider\/public\/assets\/assets\/dummy.png\" alt=\"\" title=\"Home\" class=\"rev-slidebg tp-rs-img rs-lazyload\" data-lazyload=\"\/\/wp1.themexlab.com\/newwp\/woodworks\/wp-content\/uploads\/2017\/01\/2.jpg\" data-no-retina>\n<!--\n\t\t\t\t\t\t\t--><rs-layer\n\t\t\t\t\t\t\t\tid=\"slider-1-slide-2-layer-1\" \n\t\t\t\t\t\t\t\tdata-type=\"text\"\n\t\t\t\t\t\t\t\tdata-color=\"rgba(255,255,255,1)\"\n\t\t\t\t\t\t\t\tdata-rsp_ch=\"on\"\n\t\t\t\t\t\t\t\tdata-xy=\"x:r,r,r,l;xo:-361px,-361px,-361px,2px;y:m;yo:22px,22px,22px,8px;\"\n\t\t\t\t\t\t\t\tdata-text=\"w:normal;l:22;a:inherit,inherit,inherit,left;\"\n\t\t\t\t\t\t\t\tdata-dim=\"w:730px,730px,730px,433px;\"\n\t\t\t\t\t\t\t\tdata-frame_0=\"x:right;o:1;\"\n\t\t\t\t\t\t\t\tdata-frame_999=\"x:right;st:8999.99969482;sR:8699.99969482;\"\n\t\t\t\t\t\t\t\tstyle=\"z-index:5;font-family:'Open Sans';\"\n\t\t\t\t\t\t\t><div class=\"content-box\">\n    <h2 class=\"theme_color\"><i class=\"flaticon-cut\"><\/i>Maatwerk<\/h2>\n    <div class=\"text\"><p>Door de steeds toenemende vraag naar maatwerk zijn we ge\u00ebvolueerd van het klassieke schrijn- en meubelwerk naar een meer omvattend aanbod dat zich ook op interieur- en totaalprojecten focust. Dit alles brengt een hele waaier mogelijkheden met zich mee om u nog beter te kunnen helpen...<\/p><\/div>\n    <div class=\"list-info clearfix\">\n        <ul>\n            <li>Keukens<\/li>\n            <li>Badkamers<\/li>\n        <\/ul>\n        <ul>\n            <li>Inbouwkasten<\/li>\n            <li>Slaapkamerkasten<\/li>\n        <\/ul>\t\n    <\/div>\n<\/div> \n\t\t\t\t\t\t\t<\/rs-layer><!--\n-->\t\t\t\t\t\t<\/rs-slide>\n\t\t\t\t\t<\/rs-slides>\n\t\t\t\t<\/rs-module>\n\t\t\t\t<script>\n\t\t\t\t\tsetREVStartSize({c: 'rev_slider_1_1',rl:[1240,1024,778,480],el:[700,768,960,720],gw:[1200,1024,778,480],gh:[700,768,960,720],type:'standard',justify:'',layout:'fullwidth',mh:\"0\"});if (window.RS_MODULES!==undefined && window.RS_MODULES.modules!==undefined && window.RS_MODULES.modules[\"revslider11\"]!==undefined) {window.RS_MODULES.modules[\"revslider11\"].once = false;window.revapi1 = undefined;if (window.RS_MODULES.checkMinimal!==undefined) window.RS_MODULES.checkMinimal()}\n\t\t\t\t<\/script>\n\t\t\t<\/rs-module-wrap>\n\t\t\t<!-- END REVOLUTION SLIDER -->\n    \n    <\/section>\n    <!--End Main Slider-->\n\n<\/div><\/div><\/div><\/div><\/section><section class=\"kc-elm kc-css-250885 kc_row\"><div class=\"kc-row-container  kc-container\"><div class=\"kc-wrap-columns\"><div class=\"kc-elm kc-css-504728 kc_col-sm-12 kc_column kc_col-sm-12\"><div class=\"kc-col-container\">   \n\n<section id=\"services\" class=\"our-services\">\n\t<div class=\"container\">\n    \t\t\t<div class=\"section-title text-center\">\n\t\t\t<h2>Diensten<\/h2>\n\t\t\t<span class=\"decor\"><\/span>\t\n\t\t<\/div>\n                \n\t\t<div class=\"row\">\n\t\t\t\n                        <div class=\"col-md-4 col-sm-6\">\n\t\t\t\t<div class=\"single-our-service\">\n\t\t\t\t\t<figure class=\"img-box\">\n\t\t\t\t\t\t<a href=\"\"><img loading=\"lazy\" decoding=\"async\" width=\"370\" height=\"210\" src=\"https:\/\/atelierdeprez.be\/wp-content\/uploads\/2017\/01\/Ontwerper-370x210.png\" class=\"attachment-woodworks_370x210 size-woodworks_370x210 wp-post-image\" alt=\"\" \/><\/a>\n\t\t\t\t\t<\/figure>\n\t\t\t\t\t<div class=\"text-box\">\n\t\t\t\t\t\t<a href=\"\"><h4>Ontwerp<\/h4><\/a>\n\t\t\t\t\t\t<p>Wij starten elk ontwerp met een precieze opmeting en analyse van de ruimte. Visualisaties tonen je de indeling, verhoudingen en materiaalcombinaties vooraf. We denken mee over ergonomie, verlichting, ventilatie en slimme opbergoplossingen.<\/p>\n\t\t\t\t\t<\/div>\n\t\t\t\t<\/div>\n\t\t\t<\/div>\n                        <div class=\"col-md-4 col-sm-6\">\n\t\t\t\t<div class=\"single-our-service\">\n\t\t\t\t\t<figure class=\"img-box\">\n\t\t\t\t\t\t<a href=\"\"><img loading=\"lazy\" decoding=\"async\" width=\"370\" height=\"210\" src=\"https:\/\/atelierdeprez.be\/wp-content\/uploads\/2017\/01\/CNC-router-370x210.jpg\" class=\"attachment-woodworks_370x210 size-woodworks_370x210 wp-post-image\" alt=\"\" \/><\/a>\n\t\t\t\t\t<\/figure>\n\t\t\t\t\t<div class=\"text-box\">\n\t\t\t\t\t\t<a href=\"\"><h4>CNC toepassingen<\/h4><\/a>\n\t\t\t\t\t\t<p>Met onze CNC-gestuurde machines realiseren we maatwerk tot op de millimeter. Complexe vormen, freeswerk, boorpatronen en seriewerk voeren we met dezelfde precisie uit. Dankzij digitale sturing combineren we snelheid met absolute herhaalbaarheid, of het nu gaat om \u00e9\u00e9n uniek stuk of een volledige reeks. Zo garanderen we een perfecte afwerking en optimale effici\u00ebntie in elk project.<\/p>\n\t\t\t\t\t<\/div>\n\t\t\t\t<\/div>\n\t\t\t<\/div>\n                        <div class=\"col-md-4 col-sm-6\">\n\t\t\t\t<div class=\"single-our-service\">\n\t\t\t\t\t<figure class=\"img-box\">\n\t\t\t\t\t\t<a href=\"\"><img loading=\"lazy\" decoding=\"async\" width=\"370\" height=\"210\" src=\"https:\/\/atelierdeprez.be\/wp-content\/uploads\/2017\/01\/Dressoir-370x210.png\" class=\"attachment-woodworks_370x210 size-woodworks_370x210 wp-post-image\" alt=\"\" \/><\/a>\n\t\t\t\t\t<\/figure>\n\t\t\t\t\t<div class=\"text-box\">\n\t\t\t\t\t\t<a href=\"\"><h4>Interieur &#038; Maatwerk<\/h4><\/a>\n\t\t\t\t\t\t<p>Bij Atelier Deprez maken we interieurs die zich aanpassen aan jouw ruimte in plaats van omgekeerd. Elke kast, keuken of wandoplossing wordt volledig op maat ontworpen en vervaardigd in ons atelier. Zo ontstaat een interieur dat esthetiek, praktisch gebruik en duurzaamheid verenigt. Het resultaat: een uniek geheel dat zowel bij je woning als bij je manier van leven past.<\/p>\n\t\t\t\t\t<\/div>\n\t\t\t\t<\/div>\n\t\t\t<\/div>\n                        \n\t\t<\/div>\n        \n                \n\t<\/div>\n<\/section>\n\n<\/div><\/div><\/div><\/div><\/section><section class=\"kc-elm kc-css-977866 kc_row\"><div class=\"kc-row-container\"><div class=\"kc-wrap-columns\"><div class=\"kc-elm kc-css-985450 kc_col-sm-12 kc_column kc_col-sm-12\"><div class=\"kc-col-container\"><section class=\"about-section\">\n\t<div class=\"container\">\n\t\t<div class=\"section-title\">\n\t\t\t<div class=\"row\">\n\t\t\t\t<div class=\"col-md-12\">\n\t\t\t\t\t<h2>Over Atelier Deprez<\/h2>\n\t\t\t\t\t<span class=\"decor\"><\/span>\n\t\t\t\t<\/div>\n\t\t\t<\/div>\n\t\t<\/div>\n\t\t<div class=\"row\">\n\t\t\t<div class=\"col-md-6 col-sm-12\">\n\t\t\t\t<h4>Bijna 25 jaar ervaring!<\/h4>\n\t\t\t\t<br>\n\t\t\t\t<div class=\"text\">\n\t\t\t\t\tWat Atelier Deprez onderscheidt, is niet enkel de jarenlange ervaring, maar vooral de passie voor hout en detail. Elk project \u2013 groot of klein \u2013 wordt met dezelfde zorg en precisie uitgewerkt. <br><br>\r\n\r\nWij geloven dat maatwerk begint met \u00e9cht luisteren naar de klant: uw idee\u00ebn, uw stijl en uw wensen vormen steeds de basis. <br><br>\r\n\r\nOns team combineert traditioneel vakmanschap met moderne technieken en duurzame materialen. Zo bent u verzekerd van een resultaat dat niet alleen mooi oogt, maar ook lang meegaat. <br><br>\r\n\r\nOf het nu gaat om een stijlvol meubelstuk, een volledig interieurproject of een totaalrenovatie: wij begeleiden u van ontwerp tot afwerking, steeds met oog voor kwaliteit en functionaliteit. <br><br>\r\n\r\nBij Atelier Deprez streven we ernaar om ruimtes te cre\u00ebren die niet enkel praktisch zijn, maar waarin u zich \u00e9cht thuis voelt.\t\t\t\t<\/div>\n\t\t\t<\/div>\n<div class=\"col-lg-6 col-md-6 col-sm-12 col-xs-12\">\n    <div class=\"video-box wow fadeInRight\" style=\"visibility: visible; animation-name: fadeInRight;\">\n        <img decoding=\"async\" src=\"https:\/\/atelierdeprez.be\/wp-content\/uploads\/2025\/08\/IMG_2835_2.jpg\" alt=\"image\" class=\"tran7s\">\n            <\/div>\n<\/div>\n\t\t\t\t\n\t\t\t<\/div>\n\t\t<\/div>\n\t<\/div>\n<\/section>\n<\/div><\/div><\/div><\/div><\/section><\/p>\n","protected":false},"excerpt":{"rendered":"","protected":false},"author":1,"featured_media":0,"parent":0,"menu_order":0,"comment_status":"closed","ping_status":"closed","template":"tpl-king_composer.php","meta":{"footnotes":""},"class_list":["post-476","page","type-page","status-publish","hentry"],"_links":{"self":[{"href":"https:\/\/atelierdeprez.be\/index.php\/wp-json\/wp\/v2\/pages\/476","targetHints":{"allow":["GET"]}}],"collection":[{"href":"https:\/\/atelierdeprez.be\/index.php\/wp-json\/wp\/v2\/pages"}],"about":[{"href":"https:\/\/atelierdeprez.be\/index.php\/wp-json\/wp\/v2\/types\/page"}],"author":[{"embeddable":true,"href":"https:\/\/atelierdeprez.be\/index.php\/wp-json\/wp\/v2\/users\/1"}],"replies":[{"embeddable":true,"href":"https:\/\/atelierdeprez.be\/index.php\/wp-json\/wp\/v2\/comments?post=476"}],"version-history":[{"count":17,"href":"https:\/\/atelierdeprez.be\/index.php\/wp-json\/wp\/v2\/pages\/476\/revisions"}],"predecessor-version":[{"id":894,"href":"https:\/\/atelierdeprez.be\/index.php\/wp-json\/wp\/v2\/pages\/476\/revisions\/894"}],"wp:attachment":[{"href":"https:\/\/atelierdeprez.be\/index.php\/wp-json\/wp\/v2\/media?parent=476"}],"curies":[{"name":"wp","href":"https:\/\/api.w.org\/{rel}","templated":true}]}}